{"id":5181,"date":"2024-08-28T20:12:29","date_gmt":"2024-08-28T20:12:29","guid":{"rendered":"https:\/\/www.hector-lopez.com\/impressum\/"},"modified":"2026-02-03T07:06:30","modified_gmt":"2026-02-03T07:06:30","slug":"aviso-legal","status":"publish","type":"page","link":"https:\/\/www.hector-lopez.com\/es\/aviso-legal\/","title":{"rendered":"Aviso legal"},"content":{"rendered":"\r\n<div class=\"wp-block-uagb-container uagb-block-yrfirwrb alignfull uagb-is-root-container\"><div class=\"uagb-container-inner-blocks-wrap\">\r\n<div class=\"wp-block-uagb-info-box uagb-block-pnydlr9h uagb-infobox__content-wrap  uagb-infobox-icon-above-title uagb-infobox-image-valign-top\"><div class=\"uagb-ifb-content\"><div class=\"uagb-ifb-title-wrap\"><h1 class=\"uagb-ifb-title\">Aviso legal<\/h1><\/div><\/div><\/div>\r\n<\/div><\/div>\r\n\r\n\r\n\r\n<p><strong>Datos obligatorios seg\u00fan el \u00a7 5 Telemediengesetz (TMG):<\/strong><br>Lopez Marketing GmbH<br>An der Moselbr\u00fccke 1<br>56068 Koblenz<br>Germany<\/p>\r\n\r\n\r\n\r\n<p>Handelsregister: HRB 30506<br>Registergericht: Amtsgericht Koblenz<\/p>\r\n\r\n\r\n\r\n<p><strong>Representado por el Gesch\u00e4ftsf\u00fchrer:<\/strong><br>Hector Lopez<\/p>\r\n\r\n\r\n\r\n<p><strong>Contacto:<\/strong><br>Tel\u00e9fono: +49261 28750440<br>E-Mail: hallo@hectorlopez.de<\/p>\r\n\r\n\r\n\r\n<p><strong>USt-IdNr.:<\/strong><br>DE369724976<\/p>\r\n\r\n\r\n\r\n<p><strong>Responsable del contenido seg\u00fan el \u00a7 18 Abs. 2 MStV:<\/strong><br>Hector Lopez<\/p>\r\n\r\n\r\n\r\n<p><strong>Resoluci\u00f3n de litigios en materia de consumo\/\u00f3rgano universal de resoluci\u00f3n de conflictos:<\/strong><br>No estamos dispuestos ni obligados a participar en procedimientos de resoluci\u00f3n de litigios ante un \u00f3rgano de resoluci\u00f3n de conflictos en materia de consumo.<br>La Comisi\u00f3n Europea ofrece una plataforma para la resoluci\u00f3n de litigios en l\u00ednea (OS): https:\/\/ec.europa.eu\/consumers\/odr.<\/p>\r\n\r\n\r\n\r\n<p class=\"has-ast-global-color-7-color has-text-color has-link-color wp-elements-2ee322fb94d33bb4c09f5fa5f3387a98\"><strong>Este aviso legal tambi\u00e9n es v\u00e1lido para los siguientes perfiles de redes sociales:<\/strong><br>Google My Business: <a href=\"https:\/\/www.google.de\/maps\/place\/Lopez+Marketing+GmbH\/@50.3567082,7.5947702,15z\/data=!4m6!3m5!1s0x47bef6187055cc95:0x4ab940956fd642a2!8m2!3d50.3567082!4d7.5947702!16s%2Fg%2F11bymslh68?hl=de&amp;entry=ttu&amp;g_ep=EgoyMDI0MDgyNi4wIKXMDSoASAFQAw%3D%3D\" target=\"_blank\" rel=\"noopener\">https:\/\/www.google.de\/maps\/place\/Lopez+Marketing+GmbH\/@50.3567082,7.5947702,15z\/data=!4m6!3m5!1s0x47bef6187055cc95:0x4ab940956fd642a2!8m2!3d50.3567082!4d7.5947702!16s%2Fg%2F11bymslh68?hl=de&amp;entry=ttu&amp;g_ep=EgoyMDI0MDgyNi4wIKXMDSoASAFQAw%3D%3D<\/a><br>Facebook:&nbsp;<a href=\"https:\/\/www.facebook.com\/hectorlopezseo\/\" target=\"_blank\" rel=\"noopener\">https:\/\/www.facebook.com\/hectorlopezseo\/<\/a><br>YouTube: https:\/\/www.youtube.com\/@Hector-Lopez-HL-Marketing<br>Linkedin: <a href=\"https:\/\/www.linkedin.com\/company\/hl-marketing-0\/\" target=\"_blank\" rel=\"noopener\">https:\/\/www.linkedin.com\/company\/hl-marketing-0\/<\/a><br>Twitter:&nbsp;https:\/\/twitter.com\/seo_hlo<br>Instagram:&nbsp;https:\/\/www.instagram.com\/hectortitolopez7\/<br>Pinterest:&nbsp;https:\/\/www.pinterest.com\/HLMarketingde\/<br>Xing:&nbsp;https:\/\/www.xing.com\/profile\/Hector_Lopez39<\/p>\r\n\r\n\r\n\r\n<p><strong>Datos sobre el seguro de responsabilidad civil profesional<\/strong><br>Nombre y domicilio social del asegurador:<br>exali GmbH<br>Franz-Kobinger-Str. 9<br>86157 Augsburg<br>\u00c1mbito de cobertura del seguro: en todo el mundo<\/p>\r\n\r\n\r\n\r\n<figure class=\"wp-block-image size-full\"><a href=\"https:\/\/www.exali.de\/siegel\/Lopez-Marketing-GmbH\" target=\"_blank\" rel=\"noopener\"><img decoding=\"async\" width=\"65\" height=\"65\" src=\"https:\/\/www.hector-lopez.com\/wp-content\/uploads\/2024\/09\/Haftpflicht-Siegel.webp\" alt=\"\" class=\"wp-image-3567\"><\/a><\/figure>\r\n\r\n\r\n\r\n<p><strong>Descargo de responsabilidad<\/strong><\/p>\r\n\r\n\r\n\r\n<p><strong>Responsabilidad por los contenidos<\/strong><br>Como proveedor de servicios, somos responsables de nuestros propios contenidos en estas p\u00e1ginas conforme al \u00a7 7 Abs.1 TMG y a las leyes generales. No obstante, conforme a los \u00a7\u00a7 8 a 10 TMG, como proveedor de servicios no estamos obligados a supervisar la informaci\u00f3n ajena transmitida o almacenada ni a investigar circunstancias que indiquen una actividad il\u00edcita.<\/p>\r\n\r\n\r\n\r\n<p>Las obligaciones de eliminar o bloquear el uso de informaci\u00f3n conforme a las leyes generales no se ver\u00e1n afectadas por lo anterior. Sin embargo, la responsabilidad a este respecto solo es posible a partir del momento en que se tenga conocimiento de una infracci\u00f3n concreta. En cuanto tengamos conocimiento de infracciones correspondientes, eliminaremos dichos contenidos de inmediato.<\/p>\r\n\r\n\r\n\r\n<p><strong>Responsabilidad por los enlaces<\/strong><br>Nuestra oferta contiene enlaces a sitios web externos de terceros sobre cuyos contenidos no tenemos influencia. Por ello, no podemos asumir ninguna garant\u00eda por dichos contenidos ajenos. El responsable del contenido de las p\u00e1ginas enlazadas es siempre el proveedor u operador correspondiente. Las p\u00e1ginas enlazadas se revisaron en el momento de enlazarlas para detectar posibles infracciones legales. En el momento de enlazar, no se apreciaron contenidos il\u00edcitos.<\/p>\r\n\r\n\r\n\r\n<p>Sin embargo, un control permanente del contenido de las p\u00e1ginas enlazadas no es razonable sin indicios concretos de una infracci\u00f3n legal. En cuanto tengamos conocimiento de infracciones legales, eliminaremos dichos enlaces de inmediato.<\/p>\r\n\r\n\r\n\r\n<p><strong>Derechos de autor<\/strong><br>Los contenidos y obras creados por los operadores del sitio en estas p\u00e1ginas est\u00e1n sujetos al derecho de autor alem\u00e1n. La reproducci\u00f3n, el tratamiento, la distribuci\u00f3n y cualquier tipo de explotaci\u00f3n fuera de los l\u00edmites del derecho de autor requieren el consentimiento por escrito del autor o creador correspondiente. Las descargas y copias de esta p\u00e1gina solo est\u00e1n permitidas para uso privado y no comercial.<\/p>\r\n\r\n\r\n\r\n<p>En la medida en que los contenidos de esta p\u00e1gina no hayan sido creados por el operador, se respetan los derechos de autor de terceros. En particular, los contenidos de terceros se identifican como tales. Si, aun as\u00ed, usted detecta una infracci\u00f3n de derechos de autor, le rogamos que nos lo comunique. En cuanto tengamos conocimiento de infracciones legales, eliminaremos dichos contenidos de inmediato.<\/p>\r\n\r\n\r\n\r\n<div class=\"wp-block-uagb-container uagb-block-2a858235 alignfull uagb-is-root-container\"><div class=\"uagb-container-inner-blocks-wrap\"><\/div><\/div>\r\n\r\n","protected":false},"excerpt":{"rendered":"<p>Datos obligatorios seg\u00fan el \u00a7 5 Telemediengesetz (TMG):Lopez Marketing GmbHAn der Moselbr\u00fccke 156068 KoblenzGermany Handelsregister: HRB 30506Registergericht: Amtsgericht Koblenz Representado por el Gesch\u00e4ftsf\u00fchrer:Hector Lopez Contacto:Tel\u00e9fono: +49261 28750440E-Mail: hallo@hectorlopez.de USt-IdNr.:DE369724976 Responsable del contenido seg\u00fan el \u00a7 18 Abs. 2 MStV:Hector Lopez Resoluci\u00f3n de litigios en materia de consumo\/\u00f3rgano universal de resoluci\u00f3n de conflictos:No estamos dispuestos ni [&hellip;]<\/p>\n","protected":false},"author":1,"featured_media":0,"parent":0,"menu_order":0,"comment_status":"closed","ping_status":"closed","template":"","meta":{"inline_featured_image":false,"_uag_custom_page_level_css":"","site-sidebar-layout":"default","site-content-layout":"","ast-site-content-layout":"default","site-content-style":"default","site-sidebar-style":"default","ast-global-header-display":"","ast-banner-title-visibility":"","ast-main-header-display":"","ast-hfb-above-header-display":"","ast-hfb-below-header-display":"","ast-hfb-mobile-header-display":"","site-post-title":"","ast-breadcrumbs-content":"","ast-featured-img":"","footer-sml-layout":"","ast-disable-related-posts":"","theme-transparent-header-meta":"","adv-header-id-meta":"","stick-header-meta":"","header-above-stick-meta":"","header-main-stick-meta":"","header-below-stick-meta":"","astra-migrate-meta-layouts":"set","ast-page-background-enabled":"default","ast-page-background-meta":{"desktop":{"background-color":"var(--ast-global-color-4)","background-image":"","background-repeat":"repeat","background-position":"center center","background-size":"auto","background-attachment":"scroll","background-type":"","background-media":"","overlay-type":"","overlay-color":"","overlay-opacity":"","overlay-gradient":""},"tablet":{"background-color":"","background-image":"","background-repeat":"repeat","background-position":"center center","background-size":"auto","background-attachment":"scroll","background-type":"","background-media":"","overlay-type":"","overlay-color":"","overlay-opacity":"","overlay-gradient":""},"mobile":{"background-color":"","background-image":"","background-repeat":"repeat","background-position":"center center","background-size":"auto","background-attachment":"scroll","background-type":"","background-media":"","overlay-type":"","overlay-color":"","overlay-opacity":"","overlay-gradient":""}},"ast-content-background-meta":{"desktop":{"background-color":"var(--ast-global-color-5)","background-image":"","background-repeat":"repeat","background-position":"center center","background-size":"auto","background-attachment":"scroll","background-type":"","background-media":"","overlay-type":"","overlay-color":"","overlay-opacity":"","overlay-gradient":""},"tablet":{"background-color":"var(--ast-global-color-5)","background-image":"","background-repeat":"repeat","background-position":"center center","background-size":"auto","background-attachment":"scroll","background-type":"","background-media":"","overlay-type":"","overlay-color":"","overlay-opacity":"","overlay-gradient":""},"mobile":{"background-color":"var(--ast-global-color-5)","background-image":"","background-repeat":"repeat","background-position":"center center","background-size":"auto","background-attachment":"scroll","background-type":"","background-media":"","overlay-type":"","overlay-color":"","overlay-opacity":"","overlay-gradient":""}},"footnotes":""},"class_list":["post-5181","page","type-page","status-publish","hentry"],"uagb_featured_image_src":{"full":false,"thumbnail":false,"medium":false,"medium_large":false,"large":false,"1536x1536":false,"2048x2048":false},"uagb_author_info":{"display_name":"Hector Lopez","author_link":"https:\/\/www.hector-lopez.com\/es\/author\/hectorhectorlopez-de\/"},"uagb_comment_info":0,"uagb_excerpt":"Datos obligatorios seg\u00fan el \u00a7 5 Telemediengesetz (TMG):Lopez Marketing GmbHAn der Moselbr\u00fccke 156068 KoblenzGermany Handelsregister: HRB 30506Registergericht: Amtsgericht Koblenz Representado por el Gesch\u00e4ftsf\u00fchrer:Hector Lopez Contacto:Tel\u00e9fono: +49261 28750440E-Mail: hallo@hectorlopez.de USt-IdNr.:DE369724976 Responsable del contenido seg\u00fan el \u00a7 18 Abs. 2 MStV:Hector Lopez Resoluci\u00f3n de litigios en materia de consumo\/\u00f3rgano universal de resoluci\u00f3n de conflictos:No estamos dispuestos ni&hellip;","_links":{"self":[{"href":"https:\/\/www.hector-lopez.com\/es\/wp-json\/wp\/v2\/pages\/5181","targetHints":{"allow":["GET"]}}],"collection":[{"href":"https:\/\/www.hector-lopez.com\/es\/wp-json\/wp\/v2\/pages"}],"about":[{"href":"https:\/\/www.hector-lopez.com\/es\/wp-json\/wp\/v2\/types\/page"}],"author":[{"embeddable":true,"href":"https:\/\/www.hector-lopez.com\/es\/wp-json\/wp\/v2\/users\/1"}],"replies":[{"embeddable":true,"href":"https:\/\/www.hector-lopez.com\/es\/wp-json\/wp\/v2\/comments?post=5181"}],"version-history":[{"count":9,"href":"https:\/\/www.hector-lopez.com\/es\/wp-json\/wp\/v2\/pages\/5181\/revisions"}],"predecessor-version":[{"id":5790,"href":"https:\/\/www.hector-lopez.com\/es\/wp-json\/wp\/v2\/pages\/5181\/revisions\/5790"}],"wp:attachment":[{"href":"https:\/\/www.hector-lopez.com\/es\/wp-json\/wp\/v2\/media?parent=5181"}],"curies":[{"name":"wp","href":"https:\/\/api.w.org\/{rel}","templated":true}]}}